{"id":9868,"date":"2025-12-16T09:59:21","date_gmt":"2025-12-16T08:59:21","guid":{"rendered":"https:\/\/be-feminity.com\/?page_id=9868"},"modified":"2025-12-16T09:59:21","modified_gmt":"2025-12-16T08:59:21","slug":"imprint","status":"publish","type":"page","link":"https:\/\/be-feminity.com\/en\/imprint\/","title":{"rendered":"Imprint"},"content":{"rendered":"<p class=\"p1\"><strong>Imprint <\/strong><\/p>\n<p class=\"p1\">Move Consulting<\/p>\n<p class=\"p1\">Building A2, IFZA, Property FZCO, DDP<\/p>\n<p class=\"p1\">Dubai Silicon Oasis Dubai 00000<\/p>\n<p class=\"p1\">United Arab Emirates<\/p>\n<p class=\"p1\">TRN 104179867700003<\/p>\n<p class=\"p1\">Celina Mara Feill<\/p>\n<p>&nbsp;<\/p>\n<div class=\"con-kit-atom-plain-text\" data-font-kit-type=\"l\">\n<div class=\"con-kit-component-text\" data-text-prop=\"text\" data-font-kit-type=\"l\">\n<div class=\"con-kit-quark con-kit-quark-paragraph\" data-quark=\"block\" data-font-kit-type=\"l\" data-block-key=\"9an3u\"><strong>Liability for content<\/strong><\/div>\n<div class=\"con-kit-quark con-kit-quark-paragraph\" data-quark=\"block\" data-font-kit-type=\"l\" data-block-key=\"b3ls0\">As a service provider, we are responsible for our own content on these pages in accordance with Section 5 (1) DDG and general legislation. However, according to \u00a7\u00a7 6 to 9 DDG, as a service provider we are not obliged to monitor transmitted or stored third-party information or to investigate circumstances that indicate illegal activity.<\/div>\n<div class=\"con-kit-quark con-kit-quark-paragraph\" data-quark=\"block\" data-font-kit-type=\"l\" data-block-key=\"aqc86\">Obligations to remove or block the use of information in accordance with general legislation remain unaffected by this. However, liability in this respect is only possible from the time we become aware of a specific infringement. As soon as we become aware of such infringements, we will remove this content immediately.<\/div>\n<div class=\"con-kit-quark con-kit-quark-paragraph\" data-quark=\"block\" data-font-kit-type=\"l\" data-block-key=\"565os\"><\/div>\n<div class=\"con-kit-quark con-kit-quark-paragraph\" data-quark=\"block\" data-font-kit-type=\"l\" data-block-key=\"363mg\"><strong>Liability for links<\/strong><\/div>\n<div class=\"con-kit-quark con-kit-quark-paragraph\" data-quark=\"block\" data-font-kit-type=\"l\" data-block-key=\"9vso6\">Our website contains links to external third-party websites over whose content we have no influence. Therefore, we cannot accept any liability for this third-party content. The respective provider or operator of the pages is always responsible for the content of the linked pages. The linked pages were checked for possible legal violations at the time of linking. Illegal content was not recognizable at the time of linking.<\/div>\n<div class=\"con-kit-quark con-kit-quark-paragraph\" data-quark=\"block\" data-font-kit-type=\"l\" data-block-key=\"60t3t\">However, permanent monitoring of the content of the linked pages is not reasonable without concrete evidence of an infringement. If we become aware of any legal infringements, we will remove such links immediately.<\/div>\n<div class=\"con-kit-quark con-kit-quark-paragraph\" data-quark=\"block\" data-font-kit-type=\"l\" data-block-key=\"318jq\"><\/div>\n<div class=\"con-kit-quark con-kit-quark-paragraph\" data-quark=\"block\" data-font-kit-type=\"l\" data-block-key=\"9kvpt\"><strong>Copyright<\/strong><\/div>\n<div class=\"con-kit-quark con-kit-quark-paragraph\" data-quark=\"block\" data-font-kit-type=\"l\" data-block-key=\"e7d1o\">The content and works created by the site operators on these pages are subject to German copyright law. Duplication, processing, distribution and any kind of exploitation outside the limits of copyright law require the written consent of the respective author or creator. Downloads and copies of this site are only permitted for private, non-commercial use.<\/div>\n<div class=\"con-kit-quark con-kit-quark-paragraph\" data-quark=\"block\" data-font-kit-type=\"l\" data-block-key=\"dv944\">Insofar as the content on this site was not created by the operator, the copyrights of third parties are respected. In particular, third-party content is identified as such. Should you nevertheless become aware of a copyright infringement, please inform us accordingly. If we become aware of any infringements, we will remove such content immediately.<\/div>\n<\/div>\n<\/div>\n<div class=\"con-kit-component-spacer\"><\/div>","protected":false},"excerpt":{"rendered":"<p>Impressum Move Consulting Building A2, IFZA, Property FZCO, DDP Dubai Silicon Oasis Dubai 00000 United Arabic Emirates TRN 104179867700003 Celina Mara Feill &nbsp; Haftung f\u00fcr Inhalte Als Diensteanbieter sind wir gem\u00e4\u00df \u00a7 5 Abs. 1 DDG f\u00fcr eigene Inhalte auf diesen Seiten nach den allgemeinen Gesetzen verantwortlich. Nach den \u00a7\u00a7 6 bis 9 DDG sind [&hellip;]<\/p>\n","protected":false},"author":1,"featured_media":0,"parent":0,"menu_order":0,"comment_status":"closed","ping_status":"closed","template":"","meta":{"footnotes":""},"class_list":["post-9868","page","type-page","status-publish","hentry"],"_hostinger_reach_plugin_has_subscription_block":false,"_hostinger_reach_plugin_is_elementor":false,"_links":{"self":[{"href":"https:\/\/be-feminity.com\/en\/wp-json\/wp\/v2\/pages\/9868","targetHints":{"allow":["GET"]}}],"collection":[{"href":"https:\/\/be-feminity.com\/en\/wp-json\/wp\/v2\/pages"}],"about":[{"href":"https:\/\/be-feminity.com\/en\/wp-json\/wp\/v2\/types\/page"}],"author":[{"embeddable":true,"href":"https:\/\/be-feminity.com\/en\/wp-json\/wp\/v2\/users\/1"}],"replies":[{"embeddable":true,"href":"https:\/\/be-feminity.com\/en\/wp-json\/wp\/v2\/comments?post=9868"}],"version-history":[{"count":1,"href":"https:\/\/be-feminity.com\/en\/wp-json\/wp\/v2\/pages\/9868\/revisions"}],"predecessor-version":[{"id":9869,"href":"https:\/\/be-feminity.com\/en\/wp-json\/wp\/v2\/pages\/9868\/revisions\/9869"}],"wp:attachment":[{"href":"https:\/\/be-feminity.com\/en\/wp-json\/wp\/v2\/media?parent=9868"}],"curies":[{"name":"wp","href":"https:\/\/api.w.org\/{rel}","templated":true}]}}